{"id":116,"date":"2018-04-09T10:44:41","date_gmt":"2018-04-09T10:44:41","guid":{"rendered":"https:\/\/eurekaesco.it\/home\/i\/?page_id=116"},"modified":"2024-07-11T11:00:16","modified_gmt":"2024-07-11T11:00:16","slug":"interventi-di-efficientamento-su-linee-e-macchinari-esistenti","status":"publish","type":"page","link":"https:\/\/eurekaesco.it\/home\/i\/it_it\/costruzioni\/interventi-di-efficientamento-su-linee-e-macchinari-esistenti\/","title":{"rendered":"Interventi di efficientamento su linee e macchinari esistenti"},"content":{"rendered":"\n<style type=\"text\/css\" data-created_by=\"avia_inline_auto\" id=\"style-css-av-lgz4dk7d-4ffc509da617744d123be8214f3c73cd\">\n.avia-section.av-lgz4dk7d-4ffc509da617744d123be8214f3c73cd .av-parallax .av-parallax-inner{\nbackground-color:#f7f7f7;\nbackground-image:url(https:\/\/eurekaesco.it\/home\/i\/wp-content\/uploads\/2024\/07\/02.jpg);\nbackground-repeat:no-repeat;\nbackground-position:50% 50%;\nbackground-attachment:scroll;\n}\n<\/style>\n<div id='av_section_1'  class='avia-section av-lgz4dk7d-4ffc509da617744d123be8214f3c73cd main_color avia-section-default avia-no-border-styling  avia-builder-el-0  el_before_av_section  avia-builder-el-first  av-parallax-section avia-bg-style-parallax av-minimum-height av-minimum-height-50  container_wrap sidebar_right'  data-section-bg-repeat='no-repeat' data-av_minimum_height_pc='50'><div class='av-parallax' data-avia-parallax-ratio='0.3' ><div class='av-parallax-inner main_color avia-full-stretch'><\/div><\/div><div class='container av-section-cont-open' ><main  role=\"main\" itemprop=\"mainContentOfPage\"  class='template-page content  av-content-small alpha units'><div class='post-entry post-entry-type-page post-entry-116'><div class='entry-content-wrapper clearfix'>\n<\/div><\/div><\/main><!-- close content main element --><\/div><\/div>\n<style type=\"text\/css\" data-created_by=\"avia_inline_auto\" id=\"style-css-av-s998c-d9fd64446c5d702d55a19ff21eaaa8e6\">\n.avia-section.av-s998c-d9fd64446c5d702d55a19ff21eaaa8e6{\nbackground-color:#f7f7f7;\nbackground-image:unset;\n}\n<\/style>\n<div id='av_section_2'  class='avia-section av-s998c-d9fd64446c5d702d55a19ff21eaaa8e6 main_color avia-section-default avia-no-border-styling  avia-builder-el-1  el_after_av_section  avia-builder-el-last  avia-bg-style-scroll container_wrap sidebar_right'  ><div class='container av-section-cont-open' ><div class='template-page content  av-content-small alpha units'><div class='post-entry post-entry-type-page post-entry-116'><div class='entry-content-wrapper clearfix'>\n<div class='flex_column av-mma4s-bdda8038b6b78ddcc53ab511cbd6175f av_one_half  avia-builder-el-2  el_before_av_one_half  avia-builder-el-first  first flex_column_div '     ><style type=\"text\/css\" data-created_by=\"avia_inline_auto\" id=\"style-css-av-lgz4hbu1-cffeb1bd18709d11353bc963b2ea012a\">\n.avia-image-container.av-lgz4hbu1-cffeb1bd18709d11353bc963b2ea012a img.avia_image{\nbox-shadow:none;\n}\n.avia-image-container.av-lgz4hbu1-cffeb1bd18709d11353bc963b2ea012a .av-image-caption-overlay-center{\ncolor:#ffffff;\n}\n<\/style>\n<div  class='avia-image-container av-lgz4hbu1-cffeb1bd18709d11353bc963b2ea012a av-styling- avia_animated_image av-animated-when-visible-95 bottom-to-top avia-align-center  avia-builder-el-3  avia-builder-el-no-sibling '   itemprop=\"image\" itemscope=\"itemscope\" itemtype=\"https:\/\/schema.org\/ImageObject\" ><div class=\"avia-image-container-inner\"><div class=\"avia-image-overlay-wrap\"><img decoding=\"async\" class='wp-image-3622 avia-img-lazy-loading-not-3622 avia_image ' src=\"https:\/\/eurekaesco.it\/home\/i\/wp-content\/uploads\/2024\/07\/a02.jpg\" alt='' title='a02'  height=\"1200\" width=\"1200\"  itemprop=\"thumbnailUrl\" srcset=\"https:\/\/eurekaesco.it\/home\/i\/wp-content\/uploads\/2024\/07\/a02.jpg 1200w, https:\/\/eurekaesco.it\/home\/i\/wp-content\/uploads\/2024\/07\/a02-300x300.jpg 300w, https:\/\/eurekaesco.it\/home\/i\/wp-content\/uploads\/2024\/07\/a02-1030x1030.jpg 1030w, https:\/\/eurekaesco.it\/home\/i\/wp-content\/uploads\/2024\/07\/a02-80x80.jpg 80w, https:\/\/eurekaesco.it\/home\/i\/wp-content\/uploads\/2024\/07\/a02-768x768.jpg 768w, https:\/\/eurekaesco.it\/home\/i\/wp-content\/uploads\/2024\/07\/a02-12x12.jpg 12w, https:\/\/eurekaesco.it\/home\/i\/wp-content\/uploads\/2024\/07\/a02-36x36.jpg 36w, https:\/\/eurekaesco.it\/home\/i\/wp-content\/uploads\/2024\/07\/a02-180x180.jpg 180w, https:\/\/eurekaesco.it\/home\/i\/wp-content\/uploads\/2024\/07\/a02-705x705.jpg 705w\" sizes=\"(max-width: 1200px) 100vw, 1200px\" \/><\/div><\/div><\/div><\/div><div class='flex_column av-hj8mk-52f7cef15e4b3f4031eb05d29020a43a av_one_half  avia-builder-el-4  el_after_av_one_half  avia-builder-el-last  flex_column_div '     ><p>\n<style type=\"text\/css\" data-created_by=\"avia_inline_auto\" id=\"style-css-av-lguzqnl4-9188ebedd59e90c6e7f025ea443c9bb3\">\n#top .av-special-heading.av-lguzqnl4-9188ebedd59e90c6e7f025ea443c9bb3{\npadding-bottom:10px;\ncolor:#232323;\nfont-size:31px;\n}\nbody .av-special-heading.av-lguzqnl4-9188ebedd59e90c6e7f025ea443c9bb3 .av-special-heading-tag .heading-char{\nfont-size:25px;\n}\n#top #wrap_all .av-special-heading.av-lguzqnl4-9188ebedd59e90c6e7f025ea443c9bb3 .av-special-heading-tag{\nfont-size:31px;\n}\n.av-special-heading.av-lguzqnl4-9188ebedd59e90c6e7f025ea443c9bb3 .special-heading-inner-border{\nborder-color:#232323;\n}\n.av-special-heading.av-lguzqnl4-9188ebedd59e90c6e7f025ea443c9bb3 .av-subheading{\nfont-size:15px;\n}\n\n@media only screen and (min-width: 480px) and (max-width: 767px){ \n#top #wrap_all .av-special-heading.av-lguzqnl4-9188ebedd59e90c6e7f025ea443c9bb3 .av-special-heading-tag{\nfont-size:0.8em;\n}\n}\n\n@media only screen and (max-width: 479px){ \n#top #wrap_all .av-special-heading.av-lguzqnl4-9188ebedd59e90c6e7f025ea443c9bb3 .av-special-heading-tag{\nfont-size:0.8em;\n}\n}\n<\/style>\n<div  class='av-special-heading av-lguzqnl4-9188ebedd59e90c6e7f025ea443c9bb3 av-special-heading-h1 custom-color-heading blockquote modern-quote  avia-builder-el-5  el_before_av_hr  avia-builder-el-first  av-inherit-size'><h1 class='av-special-heading-tag'  itemprop=\"headline\"  >Interventi di efficientamento su linee e macchinari esistenti<\/h1><div class=\"special-heading-border\"><div class=\"special-heading-inner-border\"><\/div><\/div><\/div><br \/>\n<div  class='hr av-boeck-fbb3dd5299fa44be38d592485765fc21 hr-default  avia-builder-el-6  el_after_av_heading  el_before_av_textblock '><span class='hr-inner '><span class=\"hr-inner-style\"><\/span><\/span><\/div><br \/>\n<section  class='av_textblock_section av-lgz4fdxk-137a4e5cbe84945f214161a26584985a'  itemscope=\"itemscope\" itemtype=\"https:\/\/schema.org\/CreativeWork\" ><div class='avia_textblock'  itemprop=\"text\" ><blockquote>\n<p>Eureka Esco offre l\u2019opportunita\u0300 di migliorare l\u2019efficienza di motori elettrici obsoleti mediante la sostituzione con macchine piu\u0300 performanti o mediante l\u2019accoppiamento con inverter.<\/p>\n<\/blockquote>\n<p><strong>MOTORI AD ALTA EFFICIENZA<\/strong><\/p>\n<p>Nel settore industriale i consumi di elettricita\u0300 collegati ai motori elettrici ammontano all\u2019incirca al 74%. E\u0300 evidente quindi che una scarsa efficienza degli stessi si ripercuote in modo considerevole sui costi energetici aziendali<br \/>\nLa sostituzione dei motori elettrici con versioni ad alto rendimento e\u0300 un intervento di efficienza energetica rapido, relativamente semplice e con veloci rientri del capitale investito<br \/>\nI motori ad alto rendimento possono portare ad una potenziale riduzione dei consumi del 20%.<\/p>\n<p><strong>INVERTER<\/strong><\/p>\n<p>I motori ad alta efficienza (EFF1) per le loro particolari caratteristiche costruttive accoppiati con un inverter, creano un sistema di adattamento in tempo reale degli assorbimenti del motore al carico dell\u2019applicazione erogando solo la reale potenza richiesta. Questo consente:<br \/>\nUn risparmio fino al 50 % e oltre; consentendo una riduzione usura e allungamento vita media dell\u2019impianto<br \/>\nMinori costi di manutenzione.<\/p>\n<p><strong>RIFASAMENTO<\/strong><br \/>\nLo scopo del rifasamento \u00e8 soprattutto quello di diminuire le perdite d&#8217;energia e di ridurre l&#8217;assorbimento di potenza apparente proporzionalmente ai macchinari e alle linee esistenti in un sito industriale.<br \/>\nPerch\u00e9 occorre rifasare l\u2019impianto:<br \/>\nL\u2019ente distributore dell\u2019energia elettrica ha imposto clausole contrattuali attraverso i provvedimenti tariffari del CIP (n\u00ba 12\/1984 e n\u00ba 26\/1989) che obbligano l\u2019utente a rifasare il proprio impianto, pena il pagamento di una penale.<br \/>\nPer ridurre le perdite d\u2019energia attiva, dovute all\u2019effetto joule sui cavi di distribuzione dell\u2019energia a valle del contatore e le cadute di tensione in linea generate dalle maggiori correnti dovute all\u2019assorbimento d\u2019energia reattiva. Le maggiori correnti che ne derivano, comportano la necessit\u00e0 di sovradimensionare l\u2019impianto elettrico aziendale (diametro dei cavi, potenze dei trasformatori, ecc.) rispetto alle effettive necessit\u00e0 di potenza attiva utile.<br \/>\nIl rifasamento dell&#8217;impianto elettrico industriale correttamente dimensionato rappresenta l&#8217;intervento tecnologico a pi\u00f9 basso tempo di pay-back. Generalmente si ripaga in pochi mesi.<\/p>\n<p><strong>UPS AD ALTA EFFICIENZA<\/strong><br \/>\nUn gruppo statico di continuit\u00e0 (detto anche UPS, dall&#8217;Inglese Uninterruptible Power Supply) \u00e8 un&#8217;apparecchiatura progettata per mantenere stabilmente alimentati elettricamente in corrente alternata apparecchi elettrici. E\u2019 indispensabile in ambienti dove le apparecchiature elettriche non possono in nessun caso rimanere senza corrente (ad esempio in luoghi pubblici come ospedali, centrali, centri di trasmissione data center, ecc..) evitando di creare un disservizio pi\u00f9 o meno grave. I sistemi UPS proteggono queste strutture da fluttuazioni di tensione, quali picchi e cali, o dalle fluttuazioni di frequenza, fornendo inoltre autonomia o alimentazione temporanea per superare l&#8217;intervallo di tempo che intercorre tra la perdita e il ripristino della rete oppure la commutazione a un generatore di backup.<\/p>\n<p>L&#8217;uso di sistemi UPS pi\u00f9 efficienti pu\u00f2 contribuire a ridurre lo spreco di elettricit\u00e0 e i costi.<br \/>\nQuando il pieno carico dell&#8217;apparecchiatura di un data center viene servito da un sistema UPS, anche piccoli miglioramenti nell&#8217;efficienza del sistema possono generare considerevoli risparmi sui costi annui.<\/p>\n<p>EUREKA E.S.CO. e\u0300 in grado di effettuare l\u2019analisi preliminare dell\u2019investimento, la fornitura, l\u2019installazione e le pratiche per l\u2019ottenimento dei Certificati Bianchi.<\/p>\n<\/div><\/section><\/p><\/div>\n<\/div><\/div><\/div><!-- close content main div --><\/div><\/div><div id='after_section_2'  class='main_color av_default_container_wrap container_wrap sidebar_right'  ><div class='container av-section-cont-open' ><div class='template-page content  av-content-small alpha units'><div class='post-entry post-entry-type-page post-entry-116'><div class='entry-content-wrapper clearfix'>\n","protected":false},"excerpt":{"rendered":"","protected":false},"author":1,"featured_media":0,"parent":226,"menu_order":0,"comment_status":"closed","ping_status":"closed","template":"","meta":{"footnotes":""},"_links":{"self":[{"href":"https:\/\/eurekaesco.it\/home\/i\/it_it\/wp-json\/wp\/v2\/pages\/116"}],"collection":[{"href":"https:\/\/eurekaesco.it\/home\/i\/it_it\/wp-json\/wp\/v2\/pages"}],"about":[{"href":"https:\/\/eurekaesco.it\/home\/i\/it_it\/wp-json\/wp\/v2\/types\/page"}],"author":[{"embeddable":true,"href":"https:\/\/eurekaesco.it\/home\/i\/it_it\/wp-json\/wp\/v2\/users\/1"}],"replies":[{"embeddable":true,"href":"https:\/\/eurekaesco.it\/home\/i\/it_it\/wp-json\/wp\/v2\/comments?post=116"}],"version-history":[{"count":10,"href":"https:\/\/eurekaesco.it\/home\/i\/it_it\/wp-json\/wp\/v2\/pages\/116\/revisions"}],"predecessor-version":[{"id":3626,"href":"https:\/\/eurekaesco.it\/home\/i\/it_it\/wp-json\/wp\/v2\/pages\/116\/revisions\/3626"}],"up":[{"embeddable":true,"href":"https:\/\/eurekaesco.it\/home\/i\/it_it\/wp-json\/wp\/v2\/pages\/226"}],"wp:attachment":[{"href":"https:\/\/eurekaesco.it\/home\/i\/it_it\/wp-json\/wp\/v2\/media?parent=116"}],"curies":[{"name":"wp","href":"https:\/\/api.w.org\/{rel}","templated":true}]}}