{"id":613,"date":"2017-02-02T12:29:24","date_gmt":"2017-02-02T12:29:24","guid":{"rendered":"http:\/\/test.kriesi.at\/enfold-2017\/?page_id=613"},"modified":"2023-05-03T12:39:15","modified_gmt":"2023-05-03T12:39:15","slug":"cookies-policy","status":"publish","type":"page","link":"https:\/\/eurekaesco.it\/home\/i\/it_it\/cookies-policy\/","title":{"rendered":"Cookies policy"},"content":{"rendered":"<div id='av_section_1'  class='avia-section av-21o1gt-85f28cc62bd84c5ef998be35d359a6e3 main_color avia-section-large avia-no-border-styling  avia-builder-el-0  el_before_av_section  avia-builder-el-first  avia-bg-style-scroll container_wrap sidebar_right'  ><div class='container av-section-cont-open' ><main  role=\"main\" itemprop=\"mainContentOfPage\"  class='template-page content  av-content-small alpha units'><div class='post-entry post-entry-type-page post-entry-613'><div class='entry-content-wrapper clearfix'>\n\n<style type=\"text\/css\" data-created_by=\"avia_inline_auto\" id=\"style-css-av-1v29a5-9d5538e59ae6cc93d8d3e176256e407c\">\n#top .av-special-heading.av-1v29a5-9d5538e59ae6cc93d8d3e176256e407c{\npadding-bottom:20px;\nfont-size:40px;\n}\nbody .av-special-heading.av-1v29a5-9d5538e59ae6cc93d8d3e176256e407c .av-special-heading-tag .heading-char{\nfont-size:25px;\n}\n#top #wrap_all .av-special-heading.av-1v29a5-9d5538e59ae6cc93d8d3e176256e407c .av-special-heading-tag{\nfont-size:40px;\n}\n.av-special-heading.av-1v29a5-9d5538e59ae6cc93d8d3e176256e407c .av-subheading{\nfont-size:15px;\n}\n\n@media only screen and (min-width: 480px) and (max-width: 767px){ \n#top #wrap_all .av-special-heading.av-1v29a5-9d5538e59ae6cc93d8d3e176256e407c .av-special-heading-tag{\nfont-size:0.8em;\n}\n}\n\n@media only screen and (max-width: 479px){ \n#top #wrap_all .av-special-heading.av-1v29a5-9d5538e59ae6cc93d8d3e176256e407c .av-special-heading-tag{\nfont-size:0.8em;\n}\n}\n<\/style>\n<div  class='av-special-heading av-1v29a5-9d5538e59ae6cc93d8d3e176256e407c av-special-heading-h2 blockquote modern-quote  avia-builder-el-1  el_before_av_hr  avia-builder-el-first  av-inherit-size'><h2 class='av-special-heading-tag'  itemprop=\"headline\"  >Cookies policy<\/h2><div class=\"special-heading-border\"><div class=\"special-heading-inner-border\"><\/div><\/div><\/div>\n\n<style type=\"text\/css\" data-created_by=\"avia_inline_auto\" id=\"style-css-av-1qmasl-f6c7f1b1d0b160f12b12ab9d09bf99f8\">\n#top .hr.av-1qmasl-f6c7f1b1d0b160f12b12ab9d09bf99f8{\nmargin-top:10px;\nmargin-bottom:10px;\n}\n.hr.av-1qmasl-f6c7f1b1d0b160f12b12ab9d09bf99f8 .hr-inner{\nwidth:50px;\nborder-color:#000000;\n}\n<\/style>\n<div  class='hr av-1qmasl-f6c7f1b1d0b160f12b12ab9d09bf99f8 hr-custom  avia-builder-el-2  el_after_av_heading  avia-builder-el-last  hr-left hr-icon-no'><span class='hr-inner inner-border-av-border-fat'><span class=\"hr-inner-style\"><\/span><\/span><\/div>\n<\/div><\/div><\/main><!-- close content main element --><\/div><\/div><div id='av_section_2'  class='avia-section av-xpekl-d93f06f8ba943e9c1b83669b9ee3ec17 main_color avia-section-large avia-no-border-styling  avia-builder-el-3  el_after_av_section  avia-builder-el-last  avia-bg-style-scroll container_wrap sidebar_right'  ><div class='container av-section-cont-open' ><div class='template-page content  av-content-small alpha units'><div class='post-entry post-entry-type-page post-entry-613'><div class='entry-content-wrapper clearfix'>\n<section  class='av_textblock_section av-1doi9x-b9c82252e5a683fc951696206550ef0e'  itemscope=\"itemscope\" itemtype=\"https:\/\/schema.org\/CreativeWork\" ><div class='avia_textblock'  itemprop=\"text\" ><p><strong>Cookie Policy di www.eurekaesco.it<\/strong><\/p>\n<p>I Cookie sono costituiti da porzioni di codice installate all&#8217;interno del browser che assistono il Titolare nell\u2019erogazione del Servizio in base alle finalit\u00e0 descritte. Alcune delle finalit\u00e0 di installazione dei Cookie potrebbero, inoltre, necessitare del consenso dell&#8217;Utente.<\/p>\n<p>Quando l\u2019installazione di Cookies avviene sulla base del consenso, tale consenso pu\u00f2 essere revocato liberamente in ogni momento seguendo le istruzioni contenute in questo documento.<\/p>\n<p><strong>Cookie tecnici e di statistica aggregata<\/strong><\/p>\n<ul>\n<li><strong>Attivit\u00e0 strettamente necessarie al funzionamento<\/strong><\/li>\n<\/ul>\n<p>Questo Sito Web utilizza Cookie per salvare la sessione dell&#8217;Utente e per svolgere altre attivit\u00e0 strettamente necessarie al funzionamento di questo Sito Web, ad esempio in relazione alla distribuzione del traffico.<\/p>\n<ul>\n<li><strong>Attivit\u00e0 di salvataggio delle preferenze, ottimizzazione e statistica<\/strong><\/li>\n<\/ul>\n<p>Questo Sito Web utilizza Cookie per salvare le preferenze di navigazione ed ottimizzare l&#8217;esperienza di navigazione dell&#8217;Utente. Fra questi Cookie rientrano, ad esempio, quelli per impostare la lingua e la valuta o per la gestione di statistiche da parte del Titolare del sito.<\/p>\n<p><strong>Altre tipologie di Cookie o strumenti terzi che potrebbero installarne<\/strong><\/p>\n<p>Alcuni dei servizi elencati di seguito raccolgono statistiche in forma aggregata ed anonima e potrebbero non richiedere il consenso dell&#8217;Utente o potrebbero essere gestiti direttamente dal Titolare \u2013 a seconda di quanto descritto \u2013 senza l&#8217;ausilio di terzi.<\/p>\n<p>Qualora fra gli strumenti indicati in seguito fossero presenti servizi gestiti da terzi, questi potrebbero \u2013 in aggiunta a quanto specificato ed anche all\u2019insaputa del Titolare \u2013 compiere attivit\u00e0 di tracciamento dell\u2019Utente. Per informazioni dettagliate in merito, si consiglia di consultare le privacy policy dei servizi elencati.<\/p>\n<ul>\n<li><strong>Affiliazione commerciale<\/strong><\/li>\n<\/ul>\n<p>Questo tipo di servizi consente a questo Sito Web di esporre annunci di prodotti o servizi offerti da terze parti. Gli annunci possono essere visualizzati sia sotto forma di link pubblicitari che sotto forma di banner in varie forme grafiche.<br \/>\nIl click sull\u2019icona o sul banner pubblicato su questo Sito Web sono tracciati dai servizi terzi elencati di seguito e vengono condivisi con questo Sito Web.<br \/>\nPer conoscere quali dati vengano raccolti si prega di far riferimento alle informative privacy di ciascun servizio.<\/p>\n<ul>\n<li><strong>Commento dei contenuti<\/strong><\/li>\n<\/ul>\n<p>I servizi di commento consentono agli Utenti di formulare e rendere pubblici propri commenti riguardanti il contenuto di questo Sito Web.<br \/>\nGli Utenti, a seconda delle impostazioni decise dal Titolare, possono lasciare il commento anche in forma anonima. Nel caso tra i Dati Personali rilasciati dall\u2019Utente ci sia l\u2019email, questa potrebbe essere utilizzata per inviare notifiche di commenti riguardanti lo stesso contenuto. Gli Utenti sono responsabili del contenuto dei propri commenti.<br \/>\nNel caso in cui sia installato un servizio di commenti fornito da soggetti terzi, \u00e8 possibile che, anche nel caso in cui gli Utenti non utilizzino il servizio di commento, lo stesso raccolga dati di traffico relativi alle pagine in cui il servizio di commento \u00e8 installato.<\/p>\n<ul>\n<li><strong>Contattare l&#8217;Utente<\/strong><\/li>\n<\/ul>\n<p><strong>Mailing List o Newsletter (Questo Sito Web)<\/strong><\/p>\n<p>Con la registrazione alla mailing list o alla newsletter, l\u2019indirizzo email dell\u2019Utente viene automaticamente inserito in una lista di contatti a cui potranno essere trasmessi messaggi email contenenti informazioni, anche di natura commerciale e promozionale, relative a questo Sito Web. L&#8217;indirizzo email dell&#8217;Utente potrebbe anche essere aggiunto a questa lista come risultato della registrazione a questo Sito Web o dopo aver effettuato un acquisto.<\/p>\n<p>Dati Personali raccolti: CAP, citt\u00e0, cognome, Cookie, data di nascita, Dati di utilizzo, email, nazione, nome, numero di telefono, sesso e stato.<\/p>\n<ul>\n<li><strong>Gestione dei database di Utenti<\/strong><\/li>\n<\/ul>\n<p>Questo tipo di servizi permettono al Titolare di costruire profili utente partendo da un indirizzo email, il nome o qualunque altra informazione che l&#8217;Utente fornisce a questo Sito Web, cos\u00ec come di tracciare le attivit\u00e0 dell&#8217;Utente tramite funzionalit\u00e0 statistiche. Questi Dati Personali potrebbero inoltre venire incrociati con informazioni sull&#8217;Utente disponibili pubblicamente (come i profili sui social network) ed usati per costruire profili privati che il Titolare pu\u00f2 visualizzare ed utilizzare per migliorare questo Sito Web.<br \/>\nAlcuni di questi servizi potrebbero inoltre permettere l&#8217;invio programmato di messaggi all&#8217;Utente, come email basate su azioni specifiche compiute su questo Sito Web.<\/p>\n<ul>\n<li><strong>Gestione indirizzi e invio di messaggi email<\/strong><\/li>\n<\/ul>\n<p>Questo tipo di servizi consente di gestire un database di contatti email, contatti telefonici o contatti di qualunque altro tipo, utilizzati per comunicare con l\u2019Utente.<br \/>\nQuesti servizi potrebbero inoltre consentire di raccogliere dati relativi alla data e all\u2019ora di visualizzazione dei messaggi da parte dell\u2019Utente, cos\u00ec come all\u2019interazione dell&#8217;Utente con essi, come le informazioni sui click sui collegamenti inseriti nei messaggi.<\/p>\n<ul>\n<li><strong>Interazione con piattaforme di raccolta dati e altre terze parti<\/strong><\/li>\n<\/ul>\n<p>Questo tipo di servizi consente agli Utenti di interagire con le piattaforme di raccolta dati o altri servizi direttamente dalle pagine di questo Sito Web allo scopo di salvare e riutilizzare i dati.<br \/>\nNel caso in cui sia installato uno di questi servizi, \u00e8 possibile che, anche nel caso gli Utenti non utilizzino il servizio, lo stesso raccolga Dati di Utilizzo relativi alle pagine in cui \u00e8 installato.<\/p>\n<ul>\n<li><strong>Interazione con social network e piattaforme esterne<\/strong><\/li>\n<\/ul>\n<p>Questo tipo di servizi permettone di effettuare interazioni con i social network, o con altre piattaforme esterne, direttamente dalle pagine di questo Sito Web.<br \/>\nLe interazioni e le informazioni acquisite da questo Sito Web sono in ogni caso soggette alle impostazioni privacy dell\u2019Utente relative ad ogni social network.<br \/>\nNel caso in cui sia installato un servizio di interazione con i social network, \u00e8 possibile che, anche nel caso gli Utenti non utilizzino il servizio, lo stesso raccolga dati di traffico relativi alle pagine in cui \u00e8 installato.<\/p>\n<ul>\n<li><strong>Pubblicit\u00e0<\/strong><\/li>\n<\/ul>\n<p>Questo tipo di servizi consentono di utilizzare i Dati dell\u2019Utente per finalit\u00e0 di comunicazione commerciale in diverse forme pubblicitarie, quali il banner, anche in relazione agli interessi dell\u2019Utente.<br \/>\nCi\u00f2 non significa che tutti i Dati Personali vengano utilizzati per questa finalit\u00e0. Dati e condizioni di utilizzo sono indicati di seguito.<br \/>\nAlcuni dei servizi di seguito indicati potrebbero utilizzare Cookie per identificare l\u2019Utente o utilizzare la tecnica del behavioral retargeting, ossia visualizzare annunci pubblicitari personalizzati in base agli interessi e al comportamento dell\u2019Utente, rilevati anche al di fuori di questo Sito Web. Per avere maggiori informazioni in merito, ti suggeriamo di verificare le informative privacy dei rispettivi servizi.<\/p>\n<ul>\n<li><strong>Remarketing e behavioral targeting<\/strong><\/li>\n<\/ul>\n<p>Questo tipo di servizi consente a questo Sito Web ed ai suoi partner di comunicare, ottimizzare e servire annunci pubblicitari basati sull&#8217;utilizzo passato di questo Sito Web da parte dell&#8217;Utente.<br \/>\nQuesta attivit\u00e0 viene effettuata tramite il tracciamento dei Dati di Utilizzo e l&#8217;uso di Cookie, informazioni che vengono trasferite ai partner a cui l&#8217;attivit\u00e0 di remarketing e behavioral targeting \u00e8 collegata.<br \/>\nIn aggiunta alle possibilit\u00e0 di effettuare l&#8217;opt-out offerte dai servizi di seguito riportati, l&#8217;Utente pu\u00f2 optare per l&#8217;esclusione rispetto alla ricezione dei cookie relativi ad un servizio terzo.<\/p>\n<ul>\n<li><strong>Statistica<\/strong><\/li>\n<\/ul>\n<p>I servizi contenuti nella presente sezione permettono al Titolare del Trattamento di monitorare e analizzare i dati di traffico e servono a tener traccia del comportamento dell\u2019Utente.<\/p>\n<p><strong>Google Analytics (Google Inc.)<\/strong><\/p>\n<p>Google Analytics \u00e8 un servizio di analisi web fornito da Google Inc. (\u201cGoogle\u201d). Google utilizza i Dati Personali raccolti allo scopo di tracciare ed esaminare l\u2019utilizzo di questo Sito Web, compilare report e condividerli con gli altri servizi sviluppati da Google.<br \/>\nGoogle potrebbe utilizzare i Dati Personali per contestualizzare e personalizzare gli annunci del proprio network pubblicitario.<\/p>\n<p>Dati Personali raccolti: Cookie e Dati di utilizzo.<\/p>\n<p>Luogo del trattamento: USA \u2013 <a href=\"https:\/\/www.google.com\/intl\/it\/policies\/privacy\/\">Privacy Policy<\/a> \u2013 <a href=\"https:\/\/tools.google.com\/dlpage\/gaoptout?hl=it\">Opt Out<\/a>.<\/p>\n<p><strong>Monitoraggio conversioni di Google AdWords (Google Inc.)<\/strong><\/p>\n<p>Il monitoraggio conversioni di Google AdWords \u00e8 un servizio di statistiche fornito da Google Inc. che collega i dati provenienti dal network di annunci Google AdWords con le azioni compiute all&#8217;interno di questo Sito Web.<\/p>\n<p>Dati Personali raccolti: Cookie e Dati di utilizzo.<\/p>\n<p>Luogo del trattamento: USA \u2013 <a href=\"https:\/\/www.google.com\/intl\/it\/policies\/privacy\/\">Privacy Policy<\/a>.<\/p>\n<ul>\n<li><strong>Test di performance di contenuti e funzionalit\u00e0 (A\/B testing)<\/strong><\/li>\n<\/ul>\n<p>I servizi contenuti in questa sezione permettono al Titolare del Trattamento di tener traccia ed analizzare la risposta da parte dell\u2019Utente, in termini di traffico o di comportamento, in relazione a modifiche della struttura, del testo o di qualunque altro componente di questo Sito Web.<\/p>\n<p><strong>Come posso esprimere il consenso all&#8217;installazione di Cookie?<\/strong><\/p>\n<p>In aggiunta a quanto indicato in questo documento, l&#8217;Utente pu\u00f2 gestire le preferenze relative ai Cookie direttamente all&#8217;interno del proprio browser ed impedire \u2013 ad esempio \u2013 che terze parti possano installarne. Tramite le preferenze del browser \u00e8 inoltre possibile eliminare i Cookie installati in passato, incluso il Cookie in cui venga eventualmente salvato il consenso all&#8217;installazione di Cookie da parte di questo sito. L&#8217;Utente pu\u00f2 trovare informazioni su come gestire i Cookie con alcuni dei browser pi\u00f9 diffusi ad esempio ai seguenti indirizzi: <a href=\"https:\/\/support.google.com\/chrome\/answer\/95647?hl=it&amp;p=cpn_cookies\">Google Chrome<\/a>, <a href=\"https:\/\/support.mozilla.org\/it\/kb\/Attivare%20e%20disattivare%20i%20cookie\">Mozilla Firefox<\/a>, <a href=\"https:\/\/support.apple.com\/kb\/PH21411\">Apple Safari<\/a> e <a href=\"http:\/\/windows.microsoft.com\/it-it\/windows-vista\/block-or-allow-cookies\">Microsoft Internet Explorer<\/a>.<\/p>\n<p>Con riferimento a Cookie installati da terze parti, l&#8217;Utente pu\u00f2 inoltre gestire le proprie impostazioni e revocare il consenso visitando il relativo link di opt out (qualora disponibile), utilizzando gli strumenti descritti nella privacy policy della terza parte o contattando direttamente la stessa.<\/p>\n<p>Fermo restando quanto precede, l\u2019Utente pu\u00f2 avvalersi delle informazioni fornite da <a href=\"http:\/\/www.youronlinechoices.eu\/\">EDAA<\/a> (UE), <a href=\"https:\/\/www.networkadvertising.org\/understanding-digital-advertising\">Network Advertising Initiative<\/a> (USA) e <a href=\"https:\/\/www.aboutads.info\/consumers\/\">Digital Advertising Alliance<\/a> (USA), <a href=\"https:\/\/youradchoices.ca\/understanding-online-advertising\/\">DAAC<\/a> (Canada), <a href=\"http:\/\/www.ddai.info\/optout\">DDAI<\/a> (Giappone) o altri servizi analoghi. Con questi servizi \u00e8 possibile gestire le preferenze di tracciamento della maggior parte degli strumenti pubblicitari. Il Titolare, pertanto, consiglia agli Utenti di utilizzare tali risorse in aggiunta alle informazioni fornite dal presente documento.<\/p>\n<p><strong>Titolare del Trattamento dei Dati<\/strong><\/p>\n<p>EUREKA E.S.CO. S.r.l. Via Tre Venezie 31 C 24044 Dalmine BG<\/p>\n<p><strong>Indirizzo email del Titolare:\u00a0dir@eurekaesco.com<\/strong><\/p>\n<p>Dal momento che l&#8217;installazione di Cookie e di altri sistemi di tracciamento operata da terze parti tramite i servizi utilizzati all&#8217;interno di questo Sito Web non pu\u00f2 essere tecnicamente controllata dal Titolare, ogni riferimento specifico a Cookie e sistemi di tracciamento installati da terze parti \u00e8 da considerarsi indicativo. Per ottenere informazioni complete, l\u2019Utente \u00e8 invitato a consultare la privacy policy degli eventuali servizi terzi elencati in questo documento.<\/p>\n<p>Vista l&#8217;oggettiva complessit\u00e0 di identificazione delle tecnologie basate sui Cookie l&#8217;Utente \u00e8 invitato a contattare il Titolare qualora volesse ricevere qualunque approfondimento relativo all&#8217;utilizzo dei Cookie stessi tramite questo Sito Web.<\/p>\n<p><strong>Definizioni e riferimenti legali <\/strong><\/p>\n<p><strong>Dati Personali (o Dati)<\/strong><\/p>\n<p>Costituisce dato personale qualunque informazione che, direttamente o indirettamente, anche in collegamento con qualsiasi altra informazione, ivi compreso un numero di identificazione personale, renda identificata o identificabile una persona fisica.<\/p>\n<p><strong>Dati di Utilizzo<\/strong><\/p>\n<p>Sono le informazioni raccolte automaticamente attraverso questo Sito Web (anche da applicazioni di parti terze integrate in questo Sito Web), tra cui: gli indirizzi IP o i nomi a dominio dei computer utilizzati dall\u2019Utente che si connette con questo Sito Web, gli indirizzi in notazione URI (Uniform Resource Identifier), l\u2019orario della richiesta, il metodo utilizzato nell\u2019inoltrare la richiesta al server, la dimensione del file ottenuto in risposta, il codice numerico indicante lo stato della risposta dal server (buon fine, errore, ecc.) il paese di provenienza, le caratteristiche del browser e del sistema operativo utilizzati dal visitatore, le varie connotazioni temporali della visita (ad esempio il tempo di permanenza su ciascuna pagina) e i dettagli relativi all\u2019itinerario seguito all\u2019interno dell\u2019Applicazione, con particolare riferimento alla sequenza delle pagine consultate, ai parametri relativi al sistema operativo e all\u2019ambiente informatico dell\u2019Utente.<\/p>\n<p><strong>Utente<\/strong><\/p>\n<p>L&#8217;individuo che utilizza questo Sito Web che, salvo ove diversamente specificato, coincide con l&#8217;Interessato.<\/p>\n<p><strong>Interessato<\/strong><\/p>\n<p>La persona fisica cui si riferiscono i Dati Personali.<\/p>\n<p><strong>Responsabile del Trattamento (o Responsabile)<\/strong><\/p>\n<p>La persona fisica, giuridica, la pubblica amministrazione e qualsiasi altro ente che tratta dati personali per conto del Titolare, secondo quanto esposto nella presente privacy policy.<\/p>\n<p><strong>Titolare del Trattamento (o Titolare)<\/strong><\/p>\n<p>La persona fisica o giuridica, l&#8217;autorit\u00e0 pubblica, il servizio o altro organismo che, singolarmente o insieme ad altri, determina le finalit\u00e0 e i mezzi del trattamento di dati personali e gli strumenti adottati, ivi comprese le misure di sicurezza relative al funzionamento ed alla fruizione di questo Sito Web. Il Titolare del Trattamento, salvo quanto diversamente specificato, \u00e8 il titolare di questo Sito Web.<\/p>\n<p><strong>Questo Sito Web (o questa Applicazione) <\/strong><\/p>\n<p>Lo strumento hardware o software mediante il quale sono raccolti e trattati i Dati Personali degli Utenti.<\/p>\n<p><strong>Servizio<\/strong><\/p>\n<p>Il Servizio fornito da questo Sito Web cos\u00ec come definito nei relativi termini (se presenti) su questo sito\/applicazione.<\/p>\n<p><strong>Unione Europea (o UE)<\/strong><\/p>\n<p>Salvo ove diversamente specificato, ogni riferimento all\u2019Unione Europea contenuto in questo documento si intende esteso a tutti gli attuali stati membri dell\u2019Unione Europea e dello Spazio Economico Europeo.<\/p>\n<p><strong>Cookie<\/strong><\/p>\n<p>Piccola porzione di dati conservata all&#8217;interno del dispositivo dell&#8217;Utente.<\/p>\n<p><strong>Riferimenti legali<\/strong><\/p>\n<p>Avviso agli Utenti europei: la presente informativa privacy \u00e8 redatta in adempimento degli obblighi previsti dall\u2019Art. 10 della Direttiva n. 95\/46\/CE, nonch\u00e9 a quanto previsto dalla Direttiva 2002\/58\/CE, come aggiornata dalla Direttiva 2009\/136\/CE, in materia di Cookie.<\/p>\n<p>Questa informativa privacy riguarda esclusivamente questo Sito Web.<\/p>\n<p>Ultima modifica: 26 Maggio 2018<\/p>\n<\/div><\/section>\n<\/div><\/div><\/div><!-- close content main div --><\/div><\/div><div id='after_section_2'  class='main_color av_default_container_wrap container_wrap sidebar_right'  ><div class='container av-section-cont-open' ><div class='template-page content  av-content-small alpha units'><div class='post-entry post-entry-type-page post-entry-613'><div class='entry-content-wrapper clearfix'><\/p>\n","protected":false},"excerpt":{"rendered":"","protected":false},"author":1,"featured_media":0,"parent":0,"menu_order":0,"comment_status":"closed","ping_status":"closed","template":"","meta":{"footnotes":""},"_links":{"self":[{"href":"https:\/\/eurekaesco.it\/home\/i\/it_it\/wp-json\/wp\/v2\/pages\/613"}],"collection":[{"href":"https:\/\/eurekaesco.it\/home\/i\/it_it\/wp-json\/wp\/v2\/pages"}],"about":[{"href":"https:\/\/eurekaesco.it\/home\/i\/it_it\/wp-json\/wp\/v2\/types\/page"}],"author":[{"embeddable":true,"href":"https:\/\/eurekaesco.it\/home\/i\/it_it\/wp-json\/wp\/v2\/users\/1"}],"replies":[{"embeddable":true,"href":"https:\/\/eurekaesco.it\/home\/i\/it_it\/wp-json\/wp\/v2\/comments?post=613"}],"version-history":[{"count":3,"href":"https:\/\/eurekaesco.it\/home\/i\/it_it\/wp-json\/wp\/v2\/pages\/613\/revisions"}],"predecessor-version":[{"id":3524,"href":"https:\/\/eurekaesco.it\/home\/i\/it_it\/wp-json\/wp\/v2\/pages\/613\/revisions\/3524"}],"wp:attachment":[{"href":"https:\/\/eurekaesco.it\/home\/i\/it_it\/wp-json\/wp\/v2\/media?parent=613"}],"curies":[{"name":"wp","href":"https:\/\/api.w.org\/{rel}","templated":true}]}}