{"id":86,"date":"2018-04-09T10:17:39","date_gmt":"2018-04-09T10:17:39","guid":{"rendered":"https:\/\/eurekaesco.it\/home\/i\/?page_id=86"},"modified":"2018-04-09T10:31:28","modified_gmt":"2018-04-09T10:31:28","slug":"impianti-energetici-da-fonti-rinnovabili","status":"publish","type":"page","link":"https:\/\/eurekaesco.it\/home\/i\/it_it\/servizi-ed-impianti\/impianti-energetici-da-fonti-rinnovabili\/","title":{"rendered":"Impianti energetici da fonti rinnovabili"},"content":{"rendered":"<p><img decoding=\"async\" loading=\"lazy\" class=\"size-full wp-image-87 aligncenter\" src=\"https:\/\/eurekaesco.it\/home\/i\/wp-content\/uploads\/2018\/04\/54_impianti-fonti-rinnovabili.jpg\" alt=\"\" width=\"300\" height=\"200\" \/><\/p>\n<p><em><span class=\"abstract\" style=\"font-size: 14pt;\">Eureka Esco realizza impianti energetici da fonti rinnovabili per i suoi clienti, ad integrazione delle fonti di energia tradizionali. In questo modo alleggerisce il prelievo energetico e diminuisce le emissioni inquinanti in ambiente.<\/span><\/em><\/p>\n<div>\n<p><span style=\"font-size: 14pt;\"><strong>IMPIANTI ENERGETICI DA FONTI RINNOVABILI<\/strong><\/span><\/p>\n<ul>\n<li><span style=\"font-size: 14pt;\">IMPIANTI FOTOVOLTAICI realizzati con il metodo &#8220;Chiavi in mano&#8221;, ovvero dal sopralluogo alla richiesta delle tariffe incentivanti, passando attraverso la progettazione, l&#8217;installazione, il collaudo e tutte le pratiche burocratiche ed autorizzative;<\/span><\/li>\n<\/ul>\n<ul>\n<li><span style=\"font-size: 14pt;\">IMPIANTI CON POMPA DI CALORE;<\/span><\/li>\n<\/ul>\n<ul>\n<li><span style=\"font-size: 14pt;\">IMPIANTI GEOTERMICI;<\/span><\/li>\n<\/ul>\n<ul>\n<li><span style=\"font-size: 14pt;\">IMPIANTI DI COGENERAZIONE A GAS;<\/span><\/li>\n<\/ul>\n<ul>\n<li><span style=\"font-size: 14pt;\">IMPIANTI DI BIOMASSE;<\/span><\/li>\n<\/ul>\n<ul>\n<li><span style=\"font-size: 14pt;\">IMPIANTI MINIEOLICI *;<\/span><\/li>\n<\/ul>\n<ul>\n<li><span style=\"font-size: 14pt;\">IMPIANTI SERRICOLI FOTOVOLTAICI completi di sistemi di climatizzazione ed illuminazine a LED **.<\/span><\/li>\n<\/ul>\n<p><span style=\"font-size: 14pt;\">\u00a0<\/span><\/p>\n<\/div>\n<div>\n<p><span style=\"font-size: 14pt;\">*\u00a0<strong>IMPIANTI MINIEOLICI<\/strong><\/span><\/p>\n<p>&nbsp;<\/p>\n<\/div>\n<div><span style=\"font-size: 14pt;\">I sistemi eolici di piccola taglia o minieolici, sfruttano la risorsa \u201cvento\u201d per produrre energia elettrica. Denominati \u201cmini\u201d per differenziarli dai grossi impianti, grazie alle ridotte dimensioni e alla semplicit\u00e0 di installazione si adattano molto bene presso insediamenti esistenti di privati e aziende.\u00a0<\/span><\/div>\n<div><span style=\"font-size: 14pt;\">\u00a0<\/span><\/div>\n<div><span style=\"font-size: 14pt;\"><strong>Perch\u00e8 Minieolico?\u00a0<\/strong><\/span><\/div>\n<div><span style=\"font-size: 14pt;\">Realizzare un ottimo investimento economico contribuendo a migliorare l\u2019ambiente in cui viviamo? Attraverso l\u2019installazione di impianti di potenza fino a 60kW, si pu\u00f2 accedere a una tariffa fissa omnicomprensiva senza l\u2019iscrizione al registro (che comprende sia la componente incentivante che la vendita dell\u2019energia elettrica) per ogni kWh prodotto e immesso in rete.\u00a0<\/span><\/div>\n<div><span style=\"font-size: 14pt;\">\u00a0<\/span><\/div>\n<div><span style=\"font-size: 14pt;\"><strong>Vantaggi\u00a0<\/strong><\/span><\/div>\n<div>\n<ul>\n<li><span style=\"font-size: 14pt;\">Non necessita di velocit\u00e0 del vento elevate\u00a0<\/span><\/li>\n<li><span style=\"font-size: 14pt;\">Non \u00e8 necessario individuare la direzione del vento dominante\u00a0<\/span><\/li>\n<li><span style=\"font-size: 14pt;\">Basso impatto paesaggistico\u00a0<\/span><\/li>\n<li><span style=\"font-size: 14pt;\">Bassi costi di manutenzione\u00a0<\/span><\/li>\n<li><span style=\"font-size: 14pt;\">Investimento accessibile e remunerativo\u00a0<\/span><\/li>\n<li><span style=\"font-size: 14pt;\">Installazioni poco invasive, non compromettono la funzionalit\u00e0 del terreno e la sua destinazione d\u2019uso\u00a0<\/span><\/li>\n<li><span style=\"font-size: 14pt;\">Possibilit\u00e0 di accedere a finanziamenti a fondo perduto regionali\u00a0<\/span><\/li>\n<\/ul>\n<\/div>\n<div><span style=\"font-size: 14pt;\">\u00a0<\/span><\/div>\n<div><span style=\"font-size: 14pt;\"><strong>Siti di Installazione\u00a0<\/strong><\/span><\/div>\n<div><span style=\"font-size: 14pt;\">Agriturismi, aziende agricole, cittadini privati con disponibilit\u00e0 di appezzamenti di terreno anche isolati (purch\u00e9 vicine a linee elettriche), localit\u00e0 costiere e montane per la presenza di migliori condizioni di ventosit\u00e0, piccole medie imprese.\u00a0<\/span><\/div>\n<div><span style=\"font-size: 14pt;\">\u00a0<\/span><\/div>\n<div>\n<div><span style=\"font-size: 14pt;\">L\u2019intensit\u00e0 del vento viene misurata attraverso la sua velocit\u00e0 (in metri al secondo o chilometri all\u2019ora). Le zone idonee all\u2019installazione del minieolico, dove l\u2019investimento \u00e8 da considerarsi sostenibile, sono quelle a partire da 4 a 5 m\/s in su.\u00a0<\/span><\/div>\n<\/div>\n<div><\/div>\n<div><img decoding=\"async\" loading=\"lazy\" class=\"size-full wp-image-88 aligncenter\" src=\"https:\/\/eurekaesco.it\/home\/i\/wp-content\/uploads\/2018\/04\/impianti-minieolici.jpg\" alt=\"\" width=\"336\" height=\"250\" srcset=\"https:\/\/eurekaesco.it\/home\/i\/wp-content\/uploads\/2018\/04\/impianti-minieolici.jpg 336w, https:\/\/eurekaesco.it\/home\/i\/wp-content\/uploads\/2018\/04\/impianti-minieolici-300x223.jpg 300w\" sizes=\"(max-width: 336px) 100vw, 336px\" \/><\/div>\n<div><\/div>\n<div>\n<div><span style=\"font-size: 14pt;\">**\u00a0<strong>IMPIANTI SERRICOLI FOTOVOLTAICI<\/strong><\/span><\/div>\n<div><span style=\"font-size: 14pt;\"><strong>\u00a0<\/strong><\/span><\/div>\n<div><span style=\"font-size: 14pt;\">Grazie alle\u00a0<strong>serre fotovoltaiche<\/strong>\u00a0\u00e8 possibile trarre beneficio dalla duplice produzione agricola e di energia elettrica.<\/span><\/div>\n<div><span style=\"font-size: 14pt;\">Per qualsiasi tipo di coltivazione, dai fiori alle piante e ortaggi in vaso, EUREKA \u00e8 in grado di fornire una soluzione &#8216;chiavi in mano&#8217; per le esigenze specifiche del cliente, con risultati di efficienza energetica che sono sempre a livelli di prestazioni pi\u00f9 elevate, per un rapido rientro dell&#8217;investimento.<\/span><\/div>\n<div><span style=\"font-size: 14pt;\">\u00a0<\/span><\/div>\n<div><span style=\"font-size: 14pt;\">Per aumentare la produzione nei periodi invernali e nei climi rigidi \u00e8 possibile abbinare un impianto di Cogenerazione che possa fornire riscaldamento ed energia elettrica.<\/span><\/div>\n<div><span style=\"font-size: 14pt;\">\u00a0<\/span><\/div>\n<div><span style=\"font-size: 14pt;\">Grazie all&#8217;energia elettrica prodotta, sia dall&#8217;impianto fotovoltaico che dalla cogenerazione, le serre di EUREKA possono includere un impianto di illuminazione completo basato su tecnologia LED.<\/span><\/div>\n<div><span style=\"font-size: 14pt;\">\u00a0<\/span><\/div>\n<div><span style=\"font-size: 14pt;\">Essi consentono alle coltivazioni di crescere in condizioni di luce ottimali; hanno basso consumo energetico;<\/span><\/div>\n<div><span style=\"font-size: 14pt;\">non aumentano la temperatura della serra; consentono una grande produzione agricola, anche nei luoghi pi\u00f9 bui.<\/span><\/div>\n<\/div>\n<div>\n<p>&nbsp;<\/p>\n<\/div>\n","protected":false},"excerpt":{"rendered":"<p>Eureka Esco realizza impianti energetici da fonti rinnovabili per i suoi clienti, ad integrazione delle fonti di energia tradizionali. In questo modo alleggerisce il prelievo energetico e diminuisce le emissioni inquinanti in ambiente. IMPIANTI ENERGETICI DA FONTI RINNOVABILI IMPIANTI FOTOVOLTAICI realizzati con il metodo &#8220;Chiavi in mano&#8221;, ovvero dal sopralluogo alla richiesta delle tariffe incentivanti, [&hellip;]<\/p>\n","protected":false},"author":1,"featured_media":0,"parent":34,"menu_order":0,"comment_status":"closed","ping_status":"closed","template":"","meta":{"footnotes":""},"_links":{"self":[{"href":"https:\/\/eurekaesco.it\/home\/i\/it_it\/wp-json\/wp\/v2\/pages\/86"}],"collection":[{"href":"https:\/\/eurekaesco.it\/home\/i\/it_it\/wp-json\/wp\/v2\/pages"}],"about":[{"href":"https:\/\/eurekaesco.it\/home\/i\/it_it\/wp-json\/wp\/v2\/types\/page"}],"author":[{"embeddable":true,"href":"https:\/\/eurekaesco.it\/home\/i\/it_it\/wp-json\/wp\/v2\/users\/1"}],"replies":[{"embeddable":true,"href":"https:\/\/eurekaesco.it\/home\/i\/it_it\/wp-json\/wp\/v2\/comments?post=86"}],"version-history":[{"count":2,"href":"https:\/\/eurekaesco.it\/home\/i\/it_it\/wp-json\/wp\/v2\/pages\/86\/revisions"}],"predecessor-version":[{"id":109,"href":"https:\/\/eurekaesco.it\/home\/i\/it_it\/wp-json\/wp\/v2\/pages\/86\/revisions\/109"}],"up":[{"embeddable":true,"href":"https:\/\/eurekaesco.it\/home\/i\/it_it\/wp-json\/wp\/v2\/pages\/34"}],"wp:attachment":[{"href":"https:\/\/eurekaesco.it\/home\/i\/it_it\/wp-json\/wp\/v2\/media?parent=86"}],"curies":[{"name":"wp","href":"https:\/\/api.w.org\/{rel}","templated":true}]}}